{"id":999,"date":"2025-02-07T16:40:10","date_gmt":"2025-02-07T16:40:10","guid":{"rendered":"https:\/\/edition.accessucces.com\/?post_type=product&#038;p=999"},"modified":"2025-02-07T16:40:10","modified_gmt":"2025-02-07T16:40:10","slug":"le-fils-du-chiffonnier-kirk-douglas","status":"publish","type":"product","link":"https:\/\/edition.accessucces.com\/?product=le-fils-du-chiffonnier-kirk-douglas","title":{"rendered":"Le fils du chiffonnier-KIRK DOUGLAS"},"content":{"rendered":"","protected":false},"excerpt":{"rendered":"<p>Ce livre est disponible \u00e0 la biblioth\u00e8que Acc\u00e8s Succ\u00e8s International, sis au 1200 logements, \u00e0 Ouagadougou, non loin de l\u2019\u00e9cole les Petits Poucets.<\/p>\n","protected":false},"featured_media":995,"comment_status":"open","ping_status":"closed","template":"","meta":{"_surecart_dashboard_logo_width":"180px","_surecart_dashboard_show_logo":true,"_surecart_dashboard_navigation_orders":true,"_surecart_dashboard_navigation_invoices":true,"_surecart_dashboard_navigation_subscriptions":true,"_surecart_dashboard_navigation_downloads":true,"_surecart_dashboard_navigation_billing":true,"_surecart_dashboard_navigation_account":true,"_uag_custom_page_level_css":"","site-sidebar-layout":"default","site-content-layout":"","ast-site-content-layout":"default","site-content-style":"default","site-sidebar-style":"default","ast-global-header-display":"","ast-banner-title-visibility":"","ast-main-header-display":"","ast-hfb-above-header-display":"","ast-hfb-below-header-display":"","ast-hfb-mobile-header-display":"","site-post-title":"","ast-breadcrumbs-content":"","ast-featured-img":"","footer-sml-layout":"","theme-transparent-header-meta":"default","adv-header-id-meta":"","stick-header-meta":"","header-above-stick-meta":"","header-main-stick-meta":"","header-below-stick-meta":"","astra-migrate-meta-layouts":"set","ast-page-background-enabled":"default","ast-page-background-meta":{"desktop":{"background-color":"","background-image":"","background-repeat":"repeat","background-position":"center center","background-size":"auto","background-attachment":"scroll","background-type":"","background-media":"","overlay-type":"","overlay-color":"","overlay-opacity":"","overlay-gradient":""},"tablet":{"background-color":"","background-image":"","background-repeat":"repeat","background-position":"center center","background-size":"auto","background-attachment":"scroll","background-type":"","background-media":"","overlay-type":"","overlay-color":"","overlay-opacity":"","overlay-gradient":""},"mobile":{"background-color":"","background-image":"","background-repeat":"repeat","background-position":"center center","background-size":"auto","background-attachment":"scroll","background-type":"","background-media":"","overlay-type":"","overlay-color":"","overlay-opacity":"","overlay-gradient":""}},"ast-content-background-meta":{"desktop":{"background-color":"var(--ast-global-color-5)","background-image":"","background-repeat":"repeat","background-position":"center center","background-size":"auto","background-attachment":"scroll","background-type":"","background-media":"","overlay-type":"","overlay-color":"","overlay-opacity":"","overlay-gradient":""},"tablet":{"background-color":"var(--ast-global-color-5)","background-image":"","background-repeat":"repeat","background-position":"center center","background-size":"auto","background-attachment":"scroll","background-type":"","background-media":"","overlay-type":"","overlay-color":"","overlay-opacity":"","overlay-gradient":""},"mobile":{"background-color":"var(--ast-global-color-5)","background-image":"","background-repeat":"repeat","background-position":"center center","background-size":"auto","background-attachment":"scroll","background-type":"","background-media":"","overlay-type":"","overlay-color":"","overlay-opacity":"","overlay-gradient":""}}},"product_brand":[],"product_cat":[23],"product_tag":[51,46,52,45,47,48,49,50],"class_list":{"0":"post-999","1":"product","2":"type-product","3":"status-publish","4":"has-post-thumbnail","6":"product_cat-autobiographies","7":"product_tag-acteur-americain","8":"product_tag-auteur-americain","9":"product_tag-cinema","10":"product_tag-kirk-douglas","11":"product_tag-le-fils-du-chiffonnier","12":"product_tag-memoires","13":"product_tag-presse-de-la-renaissance","14":"product_tag-traduit-de-lamericain-par-bernard-ferry","15":"desktop-align-left","16":"tablet-align-left","17":"mobile-align-left","19":"first","20":"instock","21":"virtual","22":"purchasable","23":"product-type-simple"},"aioseo_notices":[],"uagb_featured_image_src":{"full":["https:\/\/edition.accessucces.com\/wp-content\/uploads\/2025\/02\/KIRK-DOUGLAS.jpg",303,480,false],"thumbnail":["https:\/\/edition.accessucces.com\/wp-content\/uploads\/2025\/02\/KIRK-DOUGLAS-150x150.jpg",150,150,true],"medium":["https:\/\/edition.accessucces.com\/wp-content\/uploads\/2025\/02\/KIRK-DOUGLAS-189x300.jpg",189,300,true],"medium_large":["https:\/\/edition.accessucces.com\/wp-content\/uploads\/2025\/02\/KIRK-DOUGLAS.jpg",303,480,false],"large":["https:\/\/edition.accessucces.com\/wp-content\/uploads\/2025\/02\/KIRK-DOUGLAS.jpg",303,480,false],"1536x1536":["https:\/\/edition.accessucces.com\/wp-content\/uploads\/2025\/02\/KIRK-DOUGLAS.jpg",303,480,false],"2048x2048":["https:\/\/edition.accessucces.com\/wp-content\/uploads\/2025\/02\/KIRK-DOUGLAS.jpg",303,480,false],"woocommerce_thumbnail":["https:\/\/edition.accessucces.com\/wp-content\/uploads\/2025\/02\/KIRK-DOUGLAS-300x300.jpg",300,300,true],"woocommerce_single":["https:\/\/edition.accessucces.com\/wp-content\/uploads\/2025\/02\/KIRK-DOUGLAS.jpg",303,480,false],"woocommerce_gallery_thumbnail":["https:\/\/edition.accessucces.com\/wp-content\/uploads\/2025\/02\/KIRK-DOUGLAS-100x100.jpg",100,100,true]},"uagb_author_info":{"display_name":"Maimouna TOURE","author_link":"https:\/\/edition.accessucces.com\/?author=0"},"uagb_comment_info":0,"uagb_excerpt":"Ce livre est disponible \u00e0 la biblioth\u00e8que Acc\u00e8s Succ\u00e8s International, sis au 1200 logements, \u00e0 Ouagadougou, non loin de l\u2019\u00e9cole les Petits Poucets.","_links":{"self":[{"href":"https:\/\/edition.accessucces.com\/index.php?rest_route=\/wp\/v2\/product\/999","targetHints":{"allow":["GET"]}}],"collection":[{"href":"https:\/\/edition.accessucces.com\/index.php?rest_route=\/wp\/v2\/product"}],"about":[{"href":"https:\/\/edition.accessucces.com\/index.php?rest_route=\/wp\/v2\/types\/product"}],"replies":[{"embeddable":true,"href":"https:\/\/edition.accessucces.com\/index.php?rest_route=%2Fwp%2Fv2%2Fcomments&post=999"}],"wp:featuredmedia":[{"embeddable":true,"href":"https:\/\/edition.accessucces.com\/index.php?rest_route=\/wp\/v2\/media\/995"}],"wp:attachment":[{"href":"https:\/\/edition.accessucces.com\/index.php?rest_route=%2Fwp%2Fv2%2Fmedia&parent=999"}],"wp:term":[{"taxonomy":"product_brand","embeddable":true,"href":"https:\/\/edition.accessucces.com\/index.php?rest_route=%2Fwp%2Fv2%2Fproduct_brand&post=999"},{"taxonomy":"product_cat","embeddable":true,"href":"https:\/\/edition.accessucces.com\/index.php?rest_route=%2Fwp%2Fv2%2Fproduct_cat&post=999"},{"taxonomy":"product_tag","embeddable":true,"href":"https:\/\/edition.accessucces.com\/index.php?rest_route=%2Fwp%2Fv2%2Fproduct_tag&post=999"}],"curies":[{"name":"wp","href":"https:\/\/api.w.org\/{rel}","templated":true}]}}