{"id":1069,"date":"2025-02-14T13:33:04","date_gmt":"2025-02-14T13:33:04","guid":{"rendered":"https:\/\/edition.accessucces.com\/?post_type=product&#038;p=1069"},"modified":"2025-02-14T13:33:04","modified_gmt":"2025-02-14T13:33:04","slug":"la-deesse-de-lamour-barbara-cartland","status":"publish","type":"product","link":"https:\/\/edition.accessucces.com\/?product=la-deesse-de-lamour-barbara-cartland","title":{"rendered":"La d\u00e9esse de l&rsquo;amour-BARBARA CARTLAND"},"content":{"rendered":"<p>Beau et sculptural comme ces dieux de Gr\u00e8ce dont il collectionne passionn\u00e9ment les statues, lord Orion Warburton n&rsquo;est pourtant pas heureux.<\/p>\n","protected":false},"excerpt":{"rendered":"<p>Beau et sculptural comme ces dieux de Gr\u00e8ce dont il collectionne passionn\u00e9ment les statues, lord Orion Warburton n&rsquo;est pourtant pas heureux.<\/p>\n","protected":false},"featured_media":1070,"comment_status":"open","ping_status":"closed","template":"","meta":{"_surecart_dashboard_logo_width":"180px","_surecart_dashboard_show_logo":true,"_surecart_dashboard_navigation_orders":true,"_surecart_dashboard_navigation_invoices":true,"_surecart_dashboard_navigation_subscriptions":true,"_surecart_dashboard_navigation_downloads":true,"_surecart_dashboard_navigation_billing":true,"_surecart_dashboard_navigation_account":true,"_uag_custom_page_level_css":"","site-sidebar-layout":"default","site-content-layout":"","ast-site-content-layout":"default","site-content-style":"default","site-sidebar-style":"default","ast-global-header-display":"","ast-banner-title-visibility":"","ast-main-header-display":"","ast-hfb-above-header-display":"","ast-hfb-below-header-display":"","ast-hfb-mobile-header-display":"","site-post-title":"","ast-breadcrumbs-content":"","ast-featured-img":"","footer-sml-layout":"","theme-transparent-header-meta":"default","adv-header-id-meta":"","stick-header-meta":"","header-above-stick-meta":"","header-main-stick-meta":"","header-below-stick-meta":"","astra-migrate-meta-layouts":"set","ast-page-background-enabled":"default","ast-page-background-meta":{"desktop":{"background-color":"","background-image":"","background-repeat":"repeat","background-position":"center center","background-size":"auto","background-attachment":"scroll","background-type":"","background-media":"","overlay-type":"","overlay-color":"","overlay-opacity":"","overlay-gradient":""},"tablet":{"background-color":"","background-image":"","background-repeat":"repeat","background-position":"center center","background-size":"auto","background-attachment":"scroll","background-type":"","background-media":"","overlay-type":"","overlay-color":"","overlay-opacity":"","overlay-gradient":""},"mobile":{"background-color":"","background-image":"","background-repeat":"repeat","background-position":"center center","background-size":"auto","background-attachment":"scroll","background-type":"","background-media":"","overlay-type":"","overlay-color":"","overlay-opacity":"","overlay-gradient":""}},"ast-content-background-meta":{"desktop":{"background-color":"var(--ast-global-color-5)","background-image":"","background-repeat":"repeat","background-position":"center center","background-size":"auto","background-attachment":"scroll","background-type":"","background-media":"","overlay-type":"","overlay-color":"","overlay-opacity":"","overlay-gradient":""},"tablet":{"background-color":"var(--ast-global-color-5)","background-image":"","background-repeat":"repeat","background-position":"center center","background-size":"auto","background-attachment":"scroll","background-type":"","background-media":"","overlay-type":"","overlay-color":"","overlay-opacity":"","overlay-gradient":""},"mobile":{"background-color":"var(--ast-global-color-5)","background-image":"","background-repeat":"repeat","background-position":"center center","background-size":"auto","background-attachment":"scroll","background-type":"","background-media":"","overlay-type":"","overlay-color":"","overlay-opacity":"","overlay-gradient":""}}},"product_brand":[],"product_cat":[22],"product_tag":[150,188,181,191,190,186,187,185,184,182,28,148,183,189],"class_list":{"0":"post-1069","1":"product","2":"type-product","3":"status-publish","4":"has-post-thumbnail","6":"product_cat-roman","7":"product_tag-amour","8":"product_tag-aristocratie","9":"product_tag-aventure","10":"product_tag-barbara-cartland","11":"product_tag-la-deesse-de-lamour","12":"product_tag-litterature-anglaise","13":"product_tag-litterature-britannique","14":"product_tag-litterature-romanesque","15":"product_tag-litterature-sentimentale","16":"product_tag-passion","17":"product_tag-romance","18":"product_tag-romance-historique","19":"product_tag-romantisme","20":"product_tag-voyage","21":"desktop-align-left","22":"tablet-align-left","23":"mobile-align-left","25":"first","26":"instock","27":"virtual","28":"purchasable","29":"product-type-simple"},"aioseo_notices":[],"uagb_featured_image_src":{"full":["https:\/\/edition.accessucces.com\/wp-content\/uploads\/2025\/02\/La-deesse-de-lamour.jpg",656,1000,false],"thumbnail":["https:\/\/edition.accessucces.com\/wp-content\/uploads\/2025\/02\/La-deesse-de-lamour-150x150.jpg",150,150,true],"medium":["https:\/\/edition.accessucces.com\/wp-content\/uploads\/2025\/02\/La-deesse-de-lamour-197x300.jpg",197,300,true],"medium_large":["https:\/\/edition.accessucces.com\/wp-content\/uploads\/2025\/02\/La-deesse-de-lamour.jpg",656,1000,false],"large":["https:\/\/edition.accessucces.com\/wp-content\/uploads\/2025\/02\/La-deesse-de-lamour.jpg",656,1000,false],"1536x1536":["https:\/\/edition.accessucces.com\/wp-content\/uploads\/2025\/02\/La-deesse-de-lamour.jpg",656,1000,false],"2048x2048":["https:\/\/edition.accessucces.com\/wp-content\/uploads\/2025\/02\/La-deesse-de-lamour.jpg",656,1000,false],"woocommerce_thumbnail":["https:\/\/edition.accessucces.com\/wp-content\/uploads\/2025\/02\/La-deesse-de-lamour-300x300.jpg",300,300,true],"woocommerce_single":["https:\/\/edition.accessucces.com\/wp-content\/uploads\/2025\/02\/La-deesse-de-lamour-600x915.jpg",600,915,true],"woocommerce_gallery_thumbnail":["https:\/\/edition.accessucces.com\/wp-content\/uploads\/2025\/02\/La-deesse-de-lamour-100x100.jpg",100,100,true]},"uagb_author_info":{"display_name":"Maimouna TOURE","author_link":"https:\/\/edition.accessucces.com\/?author=0"},"uagb_comment_info":0,"uagb_excerpt":"Beau et sculptural comme ces dieux de Gr\u00e8ce dont il collectionne passionn\u00e9ment les statues, lord Orion Warburton n&rsquo;est pourtant pas heureux.","_links":{"self":[{"href":"https:\/\/edition.accessucces.com\/index.php?rest_route=\/wp\/v2\/product\/1069","targetHints":{"allow":["GET"]}}],"collection":[{"href":"https:\/\/edition.accessucces.com\/index.php?rest_route=\/wp\/v2\/product"}],"about":[{"href":"https:\/\/edition.accessucces.com\/index.php?rest_route=\/wp\/v2\/types\/product"}],"replies":[{"embeddable":true,"href":"https:\/\/edition.accessucces.com\/index.php?rest_route=%2Fwp%2Fv2%2Fcomments&post=1069"}],"wp:featuredmedia":[{"embeddable":true,"href":"https:\/\/edition.accessucces.com\/index.php?rest_route=\/wp\/v2\/media\/1070"}],"wp:attachment":[{"href":"https:\/\/edition.accessucces.com\/index.php?rest_route=%2Fwp%2Fv2%2Fmedia&parent=1069"}],"wp:term":[{"taxonomy":"product_brand","embeddable":true,"href":"https:\/\/edition.accessucces.com\/index.php?rest_route=%2Fwp%2Fv2%2Fproduct_brand&post=1069"},{"taxonomy":"product_cat","embeddable":true,"href":"https:\/\/edition.accessucces.com\/index.php?rest_route=%2Fwp%2Fv2%2Fproduct_cat&post=1069"},{"taxonomy":"product_tag","embeddable":true,"href":"https:\/\/edition.accessucces.com\/index.php?rest_route=%2Fwp%2Fv2%2Fproduct_tag&post=1069"}],"curies":[{"name":"wp","href":"https:\/\/api.w.org\/{rel}","templated":true}]}}