{"id":1025,"date":"2025-02-13T11:38:55","date_gmt":"2025-02-13T11:38:55","guid":{"rendered":"https:\/\/edition.accessucces.com\/?post_type=product&#038;p=1025"},"modified":"2025-02-13T11:38:55","modified_gmt":"2025-02-13T11:38:55","slug":"les-murmures-de-lolivier-frederick-donaglia","status":"publish","type":"product","link":"https:\/\/edition.accessucces.com\/?product=les-murmures-de-lolivier-frederick-donaglia","title":{"rendered":"Les murmures de l&rsquo;olivier, FREDERICK D&rsquo;ONAGLIA"},"content":{"rendered":"<p><strong>Marie se bat pour sauver ses oliviers apr\u00e8s plusieurs ann\u00e9es de mauvaises r\u00e9coltes, soutenue par ses amis d\u2019enfance et plus proches voisins. Mais les passions se d\u00e9cha\u00eenent alors que l\u2019on d\u00e9couvre des ossements humains dans une remise sur la propri\u00e9t\u00e9. Chantages, mensonges, trahisons&#8230; Convoitise, jalousie et blessures du pass\u00e9 \u00e9maillent ce roman attachant.<\/strong><\/p>\n<p>Dans un aust\u00e8re vallon des Alpilles, Marie Jourdan se bat pour que son exploitation d\u2019oliviers h\u00e9rit\u00e9e de son p\u00e8re connaisse enfin une bonne r\u00e9colte apr\u00e8s des ann\u00e9es noires. Rigoureuse, elle privil\u00e9gie les petits rendements en bio et la qualit\u00e9. Pour se sortir de ses difficult\u00e9s financi\u00e8res, la jeune femme projette d\u2019ouvrir une petite pension \u00e9questre sur un terrain faisant partie du domaine. Mais cette parcelle est depuis longtemps convoit\u00e9e par son voisin, le vieux Trophime Mourgues, qui pr\u00e9tend avoir \u00e9t\u00e9 spoli\u00e9 jadis par la famille de Marie et en revendique la propri\u00e9t\u00e9. Victime d\u2019incessantes attaques, la jeune femme compte bien braver les obstacles pour parvenir \u00e0 ses fins.<br \/>\nMais la d\u00e9couverte d\u2019un squelette dans une remise abandonn\u00e9e vient tout bouleverser, y compris la qui\u00e9tude au village. Une enqu\u00eate est men\u00e9e, qui va r\u00e9veiller des secrets profond\u00e9ment enfouis&#8230;<\/p>\n","protected":false},"excerpt":{"rendered":"<p>Marie se bat pour sauver ses oliviers apr\u00e8s plusieurs ann\u00e9es de mauvaises r\u00e9coltes, soutenue par ses amis d\u2019enfance et plus proches voisins. Mais les passions se d\u00e9cha\u00eenent alors que l\u2019on d\u00e9couvre des ossements humains dans une remise sur la propri\u00e9t\u00e9. Chantages, mensonges, trahisons&#8230; Convoitise, jalousie et blessures du pass\u00e9 \u00e9maillent ce roman attachant. Dans un [&hellip;]<\/p>\n","protected":false},"featured_media":1027,"comment_status":"open","ping_status":"closed","template":"","meta":{"_surecart_dashboard_logo_width":"180px","_surecart_dashboard_show_logo":true,"_surecart_dashboard_navigation_orders":true,"_surecart_dashboard_navigation_invoices":true,"_surecart_dashboard_navigation_subscriptions":true,"_surecart_dashboard_navigation_downloads":true,"_surecart_dashboard_navigation_billing":true,"_surecart_dashboard_navigation_account":true,"_uag_custom_page_level_css":"","site-sidebar-layout":"default","site-content-layout":"","ast-site-content-layout":"default","site-content-style":"default","site-sidebar-style":"default","ast-global-header-display":"","ast-banner-title-visibility":"","ast-main-header-display":"","ast-hfb-above-header-display":"","ast-hfb-below-header-display":"","ast-hfb-mobile-header-display":"","site-post-title":"","ast-breadcrumbs-content":"","ast-featured-img":"","footer-sml-layout":"","theme-transparent-header-meta":"default","adv-header-id-meta":"","stick-header-meta":"","header-above-stick-meta":"","header-main-stick-meta":"","header-below-stick-meta":"","astra-migrate-meta-layouts":"set","ast-page-background-enabled":"default","ast-page-background-meta":{"desktop":{"background-color":"","background-image":"","background-repeat":"repeat","background-position":"center center","background-size":"auto","background-attachment":"scroll","background-type":"","background-media":"","overlay-type":"","overlay-color":"","overlay-opacity":"","overlay-gradient":""},"tablet":{"background-color":"","background-image":"","background-repeat":"repeat","background-position":"center center","background-size":"auto","background-attachment":"scroll","background-type":"","background-media":"","overlay-type":"","overlay-color":"","overlay-opacity":"","overlay-gradient":""},"mobile":{"background-color":"","background-image":"","background-repeat":"repeat","background-position":"center center","background-size":"auto","background-attachment":"scroll","background-type":"","background-media":"","overlay-type":"","overlay-color":"","overlay-opacity":"","overlay-gradient":""}},"ast-content-background-meta":{"desktop":{"background-color":"var(--ast-global-color-5)","background-image":"","background-repeat":"repeat","background-position":"center center","background-size":"auto","background-attachment":"scroll","background-type":"","background-media":"","overlay-type":"","overlay-color":"","overlay-opacity":"","overlay-gradient":""},"tablet":{"background-color":"var(--ast-global-color-5)","background-image":"","background-repeat":"repeat","background-position":"center center","background-size":"auto","background-attachment":"scroll","background-type":"","background-media":"","overlay-type":"","overlay-color":"","overlay-opacity":"","overlay-gradient":""},"mobile":{"background-color":"var(--ast-global-color-5)","background-image":"","background-repeat":"repeat","background-position":"center center","background-size":"auto","background-attachment":"scroll","background-type":"","background-media":"","overlay-type":"","overlay-color":"","overlay-opacity":"","overlay-gradient":""}}},"product_brand":[],"product_cat":[22],"product_tag":[122,119,114,118,111,112,113,63,115,64,117,120,123,124,110,121,116],"class_list":{"0":"post-1025","1":"product","2":"type-product","3":"status-publish","4":"has-post-thumbnail","6":"product_cat-roman","7":"product_tag-agriculture-biologique","8":"product_tag-alcoolisme","9":"product_tag-collection-terre-de-poche","10":"product_tag-drame","11":"product_tag-editions-france-loisirs","12":"product_tag-frederick-donaglia-2016","13":"product_tag-imprime-en-espagne","14":"product_tag-litterature-francaise","15":"product_tag-litterature-generale","16":"product_tag-paris-france","17":"product_tag-policiers-et-polars","18":"product_tag-reconversion","19":"product_tag-relation-pere-fils","20":"product_tag-relations-mere-fille","21":"product_tag-roman-francais","22":"product_tag-roman-nature","23":"product_tag-suspens","24":"desktop-align-left","25":"tablet-align-left","26":"mobile-align-left","28":"first","29":"instock","30":"virtual","31":"purchasable","32":"product-type-simple"},"aioseo_notices":[],"uagb_featured_image_src":{"full":["https:\/\/edition.accessucces.com\/wp-content\/uploads\/2025\/02\/MURMURES.jpg",375,600,false],"thumbnail":["https:\/\/edition.accessucces.com\/wp-content\/uploads\/2025\/02\/MURMURES-150x150.jpg",150,150,true],"medium":["https:\/\/edition.accessucces.com\/wp-content\/uploads\/2025\/02\/MURMURES-188x300.jpg",188,300,true],"medium_large":["https:\/\/edition.accessucces.com\/wp-content\/uploads\/2025\/02\/MURMURES.jpg",375,600,false],"large":["https:\/\/edition.accessucces.com\/wp-content\/uploads\/2025\/02\/MURMURES.jpg",375,600,false],"1536x1536":["https:\/\/edition.accessucces.com\/wp-content\/uploads\/2025\/02\/MURMURES.jpg",375,600,false],"2048x2048":["https:\/\/edition.accessucces.com\/wp-content\/uploads\/2025\/02\/MURMURES.jpg",375,600,false],"woocommerce_thumbnail":["https:\/\/edition.accessucces.com\/wp-content\/uploads\/2025\/02\/MURMURES-300x300.jpg",300,300,true],"woocommerce_single":["https:\/\/edition.accessucces.com\/wp-content\/uploads\/2025\/02\/MURMURES.jpg",375,600,false],"woocommerce_gallery_thumbnail":["https:\/\/edition.accessucces.com\/wp-content\/uploads\/2025\/02\/MURMURES-100x100.jpg",100,100,true]},"uagb_author_info":{"display_name":"Maimouna TOURE","author_link":"https:\/\/edition.accessucces.com\/?author=0"},"uagb_comment_info":0,"uagb_excerpt":"Marie se bat pour sauver ses oliviers apr\u00e8s plusieurs ann\u00e9es de mauvaises r\u00e9coltes, soutenue par ses amis d\u2019enfance et plus proches voisins. Mais les passions se d\u00e9cha\u00eenent alors que l\u2019on d\u00e9couvre des ossements humains dans une remise sur la propri\u00e9t\u00e9. Chantages, mensonges, trahisons&#8230; Convoitise, jalousie et blessures du pass\u00e9 \u00e9maillent ce roman attachant. Dans un\u2026","_links":{"self":[{"href":"https:\/\/edition.accessucces.com\/index.php?rest_route=\/wp\/v2\/product\/1025","targetHints":{"allow":["GET"]}}],"collection":[{"href":"https:\/\/edition.accessucces.com\/index.php?rest_route=\/wp\/v2\/product"}],"about":[{"href":"https:\/\/edition.accessucces.com\/index.php?rest_route=\/wp\/v2\/types\/product"}],"replies":[{"embeddable":true,"href":"https:\/\/edition.accessucces.com\/index.php?rest_route=%2Fwp%2Fv2%2Fcomments&post=1025"}],"wp:featuredmedia":[{"embeddable":true,"href":"https:\/\/edition.accessucces.com\/index.php?rest_route=\/wp\/v2\/media\/1027"}],"wp:attachment":[{"href":"https:\/\/edition.accessucces.com\/index.php?rest_route=%2Fwp%2Fv2%2Fmedia&parent=1025"}],"wp:term":[{"taxonomy":"product_brand","embeddable":true,"href":"https:\/\/edition.accessucces.com\/index.php?rest_route=%2Fwp%2Fv2%2Fproduct_brand&post=1025"},{"taxonomy":"product_cat","embeddable":true,"href":"https:\/\/edition.accessucces.com\/index.php?rest_route=%2Fwp%2Fv2%2Fproduct_cat&post=1025"},{"taxonomy":"product_tag","embeddable":true,"href":"https:\/\/edition.accessucces.com\/index.php?rest_route=%2Fwp%2Fv2%2Fproduct_tag&post=1025"}],"curies":[{"name":"wp","href":"https:\/\/api.w.org\/{rel}","templated":true}]}}